{"id":416,"date":"2016-08-17T14:40:41","date_gmt":"2016-08-17T12:40:41","guid":{"rendered":"https:\/\/tdf.cvmh.fr\/produit\/a-mon-seul-desir-2\/"},"modified":"2024-07-02T17:56:04","modified_gmt":"2024-07-02T15:56:04","slug":"a-mon-seul-desir","status":"publish","type":"product","link":"https:\/\/tdf.cvmh.fr\/en\/a-mon-seul-desir\/","title":{"rendered":"A mon seul Desir tapestry"},"content":{"rendered":"<p>The set of five tapestries representing the senses is completed by this piece : To My Only Desire. The young lady not only refuses jewels presented to her by her maidservant, but even puts away her necklace in the jewel box. This scene may show the renunciation of the pleasure of the senses. The tapestry was woven according to characteristic models of Parisian Art, at the end of the XVth century. It is in the national museum of the Middle Ages, Cluny Museum, in Paris.<\/p>\n<\/p>\n<p>A Mon Seul D\u00e9sir represents the last piece of the six hangings of the Lady of the Unicorn.<\/p>\n<p>Indeed, this work of art, &#8220;The Lady with the Unicorn&#8221;, is a constitution of six hangings dating from the beginning of the French Renaissance which would evoke an allegory of the five senses and of desire.<\/p>\n<p>The evocation of the five senses represented by this work is enriched by the representation, on the last hanging A Mon Seul D\u00e9sir, of the refusal of the jewels, which testifies to the moral strength of the Lady, able to master the power of her senses.<\/p>\n<p>The original tapestry was woven according to models characteristic of an important trend in Parisian art at the end of the 15th century. This large tapestry can be seen today in the National Museum of the Middle Ages at the H\u00f4tel de Cluny in Paris.<\/p>\n<p>The tapestry &#8220;A mon seul d\u00e9sir&#8221;, shown below, remains the most famous Unicorn Lady tapestry, even if the Unicorn tapestry is also of great interest to Unicorn enthusiasts!<\/p>\n<p>Do not hesitate to consult our page on the history of the Lady of the Unicorn, to know more about this work and the tapestries.<\/p>\n","protected":false},"excerpt":{"rendered":"<p>Wall tapestry A Mon Seul D\u00e9sir<\/p>\n","protected":false},"featured_media":4130,"comment_status":"open","ping_status":"closed","template":"","meta":{"_acf_changed":false},"product_cat":[29,83,31,51,33,63,81,97,35,69,37,55],"product_tag":[],"class_list":{"0":"post-416","1":"product","2":"type-product","3":"status-publish","4":"has-post-thumbnail","6":"product_factory-tapisserie-art-de-lys","7":"product_cat-collections","8":"product_cat-medieval-and-unicorns","9":"product_cat-time-period","10":"product_cat-medieval-tapestries","11":"product_cat-sizes","12":"product_cat-large-horizontal-tapestries","13":"product_cat-medium-horizontal-tapestries","14":"product_cat-small-horizontal-tapestries","15":"product_cat-weaves-types","16":"product_cat-point-de-flandres-weave","17":"product_cat-best-seller","18":"product_cat-tapestries","19":"pa_lieudefabrication-france-en","20":"pa_matiere-50laine_40coton-en","21":"pa_taille-110x150cm-en","22":"pa_taille-150x200cm-en","23":"pa_taille-85x110cm-en","25":"first","26":"instock","27":"taxable","28":"shipping-taxable","29":"purchasable","30":"product-type-variable","31":"has-default-attributes"},"acf":[],"yoast_head":"<!-- This site is optimized with the Yoast SEO plugin v23.7 - https:\/\/yoast.com\/wordpress\/plugins\/seo\/ -->\n<title>A mon seul D\u00e9sir - tapestry<\/title>\n<meta name=\"description\" content=\"Find the tapestry A Mon Seul D\u00e9sir from the series of La Dame \u00e0 La Licorne, several sizes available. Woven in France in Jacquard stitch.\" \/>\n<meta name=\"robots\" content=\"noindex, follow, max-snippet:-1, max-image-preview:large, max-video-preview:-1\" \/>\n<meta property=\"og:locale\" content=\"en_US\" \/>\n<meta property=\"og:type\" content=\"article\" \/>\n<meta property=\"og:title\" content=\"A mon seul D\u00e9sir - tapestry\" \/>\n<meta property=\"og:description\" content=\"Find the tapestry A Mon Seul D\u00e9sir from the series of La Dame \u00e0 La Licorne, several sizes available. Woven in France in Jacquard stitch.\" \/>\n<meta property=\"og:url\" content=\"https:\/\/tdf.cvmh.fr\/en\/a-mon-seul-desir\/\" \/>\n<meta property=\"og:site_name\" content=\"Tapisseries de Flandres\" \/>\n<meta property=\"article:modified_time\" content=\"2024-07-02T15:56:04+00:00\" \/>\n<meta property=\"og:image\" content=\"https:\/\/tdf.cvmh.fr\/wp-content\/uploads\/2016\/08\/2983-a-mon-seul-desir-unicorn-tapestry.jpg\" \/>\n\t<meta property=\"og:image:width\" content=\"800\" \/>\n\t<meta property=\"og:image:height\" content=\"610\" \/>\n\t<meta property=\"og:image:type\" content=\"image\/jpeg\" \/>\n<meta name=\"twitter:card\" content=\"summary_large_image\" \/>\n<meta name=\"twitter:label1\" content=\"Est. reading time\" \/>\n\t<meta name=\"twitter:data1\" content=\"1 minute\" \/>\n<script type=\"application\/ld+json\" class=\"yoast-schema-graph\">{\"@context\":\"https:\/\/schema.org\",\"@graph\":[{\"@type\":\"WebPage\",\"@id\":\"https:\/\/tdf.cvmh.fr\/en\/a-mon-seul-desir\/\",\"url\":\"https:\/\/tdf.cvmh.fr\/en\/a-mon-seul-desir\/\",\"name\":\"A mon seul D\u00e9sir - tapestry\",\"isPartOf\":{\"@id\":\"https:\/\/tdf.cvmh.fr\/#website\"},\"primaryImageOfPage\":{\"@id\":\"https:\/\/tdf.cvmh.fr\/en\/a-mon-seul-desir\/#primaryimage\"},\"image\":{\"@id\":\"https:\/\/tdf.cvmh.fr\/en\/a-mon-seul-desir\/#primaryimage\"},\"thumbnailUrl\":\"https:\/\/tdf.cvmh.fr\/wp-content\/uploads\/2016\/08\/2983-a-mon-seul-desir-unicorn-tapestry.jpg\",\"datePublished\":\"2016-08-17T12:40:41+00:00\",\"dateModified\":\"2024-07-02T15:56:04+00:00\",\"description\":\"Find the tapestry A Mon Seul D\u00e9sir from the series of La Dame \u00e0 La Licorne, several sizes available. Woven in France in Jacquard stitch.\",\"breadcrumb\":{\"@id\":\"https:\/\/tdf.cvmh.fr\/en\/a-mon-seul-desir\/#breadcrumb\"},\"inLanguage\":\"en-US\",\"potentialAction\":[{\"@type\":\"ReadAction\",\"target\":[\"https:\/\/tdf.cvmh.fr\/en\/a-mon-seul-desir\/\"]}]},{\"@type\":\"ImageObject\",\"inLanguage\":\"en-US\",\"@id\":\"https:\/\/tdf.cvmh.fr\/en\/a-mon-seul-desir\/#primaryimage\",\"url\":\"https:\/\/tdf.cvmh.fr\/wp-content\/uploads\/2016\/08\/2983-a-mon-seul-desir-unicorn-tapestry.jpg\",\"contentUrl\":\"https:\/\/tdf.cvmh.fr\/wp-content\/uploads\/2016\/08\/2983-a-mon-seul-desir-unicorn-tapestry.jpg\",\"width\":800,\"height\":610,\"caption\":\"a mon seul desir unicorn tapestry\"},{\"@type\":\"BreadcrumbList\",\"@id\":\"https:\/\/tdf.cvmh.fr\/en\/a-mon-seul-desir\/#breadcrumb\",\"itemListElement\":[{\"@type\":\"ListItem\",\"position\":1,\"name\":\"Accueil\",\"item\":\"https:\/\/tdf.cvmh.fr\/\"},{\"@type\":\"ListItem\",\"position\":2,\"name\":\"Shop\",\"item\":\"https:\/\/tdf.cvmh.fr\/boutique\/\"},{\"@type\":\"ListItem\",\"position\":3,\"name\":\"A mon seul Desir tapestry\"}]},{\"@type\":\"WebSite\",\"@id\":\"https:\/\/tdf.cvmh.fr\/#website\",\"url\":\"https:\/\/tdf.cvmh.fr\/\",\"name\":\"Tapisseries de Flandres\",\"description\":\"\",\"publisher\":{\"@id\":\"https:\/\/tdf.cvmh.fr\/#organization\"},\"potentialAction\":[{\"@type\":\"SearchAction\",\"target\":{\"@type\":\"EntryPoint\",\"urlTemplate\":\"https:\/\/tdf.cvmh.fr\/?s={search_term_string}\"},\"query-input\":{\"@type\":\"PropertyValueSpecification\",\"valueRequired\":true,\"valueName\":\"search_term_string\"}}],\"inLanguage\":\"en-US\"},{\"@type\":\"Organization\",\"@id\":\"https:\/\/tdf.cvmh.fr\/#organization\",\"name\":\"Tapisseries de Flandres\",\"url\":\"https:\/\/tdf.cvmh.fr\/\",\"logo\":{\"@type\":\"ImageObject\",\"inLanguage\":\"en-US\",\"@id\":\"https:\/\/tdf.cvmh.fr\/#\/schema\/logo\/image\/\",\"url\":\"https:\/\/tdf.cvmh.fr\/wp-content\/uploads\/2024\/07\/CPN_-Logo.png\",\"contentUrl\":\"https:\/\/tdf.cvmh.fr\/wp-content\/uploads\/2024\/07\/CPN_-Logo.png\",\"width\":514,\"height\":182,\"caption\":\"Tapisseries de Flandres\"},\"image\":{\"@id\":\"https:\/\/tdf.cvmh.fr\/#\/schema\/logo\/image\/\"}}]}<\/script>\n<!-- \/ Yoast SEO plugin. -->","yoast_head_json":{"title":"A mon seul D\u00e9sir - tapestry","description":"Find the tapestry A Mon Seul D\u00e9sir from the series of La Dame \u00e0 La Licorne, several sizes available. Woven in France in Jacquard stitch.","robots":{"index":"noindex","follow":"follow","max-snippet":"max-snippet:-1","max-image-preview":"max-image-preview:large","max-video-preview":"max-video-preview:-1"},"og_locale":"en_US","og_type":"article","og_title":"A mon seul D\u00e9sir - tapestry","og_description":"Find the tapestry A Mon Seul D\u00e9sir from the series of La Dame \u00e0 La Licorne, several sizes available. Woven in France in Jacquard stitch.","og_url":"https:\/\/tdf.cvmh.fr\/en\/a-mon-seul-desir\/","og_site_name":"Tapisseries de Flandres","article_modified_time":"2024-07-02T15:56:04+00:00","og_image":[{"width":800,"height":610,"url":"https:\/\/tdf.cvmh.fr\/wp-content\/uploads\/2016\/08\/2983-a-mon-seul-desir-unicorn-tapestry.jpg","type":"image\/jpeg"}],"twitter_card":"summary_large_image","twitter_misc":{"Est. reading time":"1 minute"},"schema":{"@context":"https:\/\/schema.org","@graph":[{"@type":"WebPage","@id":"https:\/\/tdf.cvmh.fr\/en\/a-mon-seul-desir\/","url":"https:\/\/tdf.cvmh.fr\/en\/a-mon-seul-desir\/","name":"A mon seul D\u00e9sir - tapestry","isPartOf":{"@id":"https:\/\/tdf.cvmh.fr\/#website"},"primaryImageOfPage":{"@id":"https:\/\/tdf.cvmh.fr\/en\/a-mon-seul-desir\/#primaryimage"},"image":{"@id":"https:\/\/tdf.cvmh.fr\/en\/a-mon-seul-desir\/#primaryimage"},"thumbnailUrl":"https:\/\/tdf.cvmh.fr\/wp-content\/uploads\/2016\/08\/2983-a-mon-seul-desir-unicorn-tapestry.jpg","datePublished":"2016-08-17T12:40:41+00:00","dateModified":"2024-07-02T15:56:04+00:00","description":"Find the tapestry A Mon Seul D\u00e9sir from the series of La Dame \u00e0 La Licorne, several sizes available. Woven in France in Jacquard stitch.","breadcrumb":{"@id":"https:\/\/tdf.cvmh.fr\/en\/a-mon-seul-desir\/#breadcrumb"},"inLanguage":"en-US","potentialAction":[{"@type":"ReadAction","target":["https:\/\/tdf.cvmh.fr\/en\/a-mon-seul-desir\/"]}]},{"@type":"ImageObject","inLanguage":"en-US","@id":"https:\/\/tdf.cvmh.fr\/en\/a-mon-seul-desir\/#primaryimage","url":"https:\/\/tdf.cvmh.fr\/wp-content\/uploads\/2016\/08\/2983-a-mon-seul-desir-unicorn-tapestry.jpg","contentUrl":"https:\/\/tdf.cvmh.fr\/wp-content\/uploads\/2016\/08\/2983-a-mon-seul-desir-unicorn-tapestry.jpg","width":800,"height":610,"caption":"a mon seul desir unicorn tapestry"},{"@type":"BreadcrumbList","@id":"https:\/\/tdf.cvmh.fr\/en\/a-mon-seul-desir\/#breadcrumb","itemListElement":[{"@type":"ListItem","position":1,"name":"Accueil","item":"https:\/\/tdf.cvmh.fr\/"},{"@type":"ListItem","position":2,"name":"Shop","item":"https:\/\/tdf.cvmh.fr\/boutique\/"},{"@type":"ListItem","position":3,"name":"A mon seul Desir tapestry"}]},{"@type":"WebSite","@id":"https:\/\/tdf.cvmh.fr\/#website","url":"https:\/\/tdf.cvmh.fr\/","name":"Tapisseries de Flandres","description":"","publisher":{"@id":"https:\/\/tdf.cvmh.fr\/#organization"},"potentialAction":[{"@type":"SearchAction","target":{"@type":"EntryPoint","urlTemplate":"https:\/\/tdf.cvmh.fr\/?s={search_term_string}"},"query-input":{"@type":"PropertyValueSpecification","valueRequired":true,"valueName":"search_term_string"}}],"inLanguage":"en-US"},{"@type":"Organization","@id":"https:\/\/tdf.cvmh.fr\/#organization","name":"Tapisseries de Flandres","url":"https:\/\/tdf.cvmh.fr\/","logo":{"@type":"ImageObject","inLanguage":"en-US","@id":"https:\/\/tdf.cvmh.fr\/#\/schema\/logo\/image\/","url":"https:\/\/tdf.cvmh.fr\/wp-content\/uploads\/2024\/07\/CPN_-Logo.png","contentUrl":"https:\/\/tdf.cvmh.fr\/wp-content\/uploads\/2024\/07\/CPN_-Logo.png","width":514,"height":182,"caption":"Tapisseries de Flandres"},"image":{"@id":"https:\/\/tdf.cvmh.fr\/#\/schema\/logo\/image\/"}}]}},"_links":{"self":[{"href":"https:\/\/tdf.cvmh.fr\/en\/wp-json\/wp\/v2\/product\/416","targetHints":{"allow":["GET"]}}],"collection":[{"href":"https:\/\/tdf.cvmh.fr\/en\/wp-json\/wp\/v2\/product"}],"about":[{"href":"https:\/\/tdf.cvmh.fr\/en\/wp-json\/wp\/v2\/types\/product"}],"replies":[{"embeddable":true,"href":"https:\/\/tdf.cvmh.fr\/en\/wp-json\/wp\/v2\/comments?post=416"}],"wp:featuredmedia":[{"embeddable":true,"href":"https:\/\/tdf.cvmh.fr\/en\/wp-json\/wp\/v2\/media\/4130"}],"wp:attachment":[{"href":"https:\/\/tdf.cvmh.fr\/en\/wp-json\/wp\/v2\/media?parent=416"}],"wp:term":[{"taxonomy":"product_cat","embeddable":true,"href":"https:\/\/tdf.cvmh.fr\/en\/wp-json\/wp\/v2\/product_cat?post=416"},{"taxonomy":"product_tag","embeddable":true,"href":"https:\/\/tdf.cvmh.fr\/en\/wp-json\/wp\/v2\/product_tag?post=416"}],"curies":[{"name":"wp","href":"https:\/\/api.w.org\/{rel}","templated":true}]}}