{"id":2662,"date":"2019-09-16T12:13:19","date_gmt":"2019-09-16T10:13:19","guid":{"rendered":"https:\/\/tdf.cvmh.fr\/produit\/le-reve-tapisserie-picasso-2\/"},"modified":"2024-07-02T18:10:45","modified_gmt":"2024-07-02T16:10:45","slug":"le-reve-tapisserie-picasso-2","status":"publish","type":"product","link":"https:\/\/tdf.cvmh.fr\/en\/le-reve-tapisserie-picasso-2\/","title":{"rendered":"The dream, Picasso&#8217;s tapestry"},"content":{"rendered":"<p class=\"tw-data-text tw-text-large XcVN5d tw-ta\" id=\"tw-target-text\" dir=\"ltr\"><span lang=\"en\" xml:lang=\"en\">Very nice <strong>reproduction of the painting &#8220;Le R\u00eave&#8221;<\/strong> by <strong>Picasso<\/strong>. Painted in 1932, this canvas represents the portrait of Marie-Th\u00e9r\u00e8se, Picasso&#8217;s new companion, after his separation from his wife Olga.<\/span><\/p>\n<p class=\"tw-data-text tw-text-large XcVN5d tw-ta\" dir=\"ltr\"><span lang=\"en\" xml:lang=\"en\">All in curves and curves, Marie-Th\u00e9r\u00e8se unfolds under soft and feminine lines. As the name of the painting suggests, she is dreaming. Head tilted, she takes support on her slightly raised shoulder and leaves, on the opposite side, her throat free and conducive to kisses. His body is relaxed and half uncovered.<\/span><\/p>\n<p class=\"tw-data-text tw-text-large XcVN5d tw-ta\" dir=\"ltr\"><span lang=\"en\" xml:lang=\"en\">This canvas is dotted with bright colors. Red, green and yellow dominate in a harmonious confrontation. As for the complementary colors, they give relief to the entire work. <\/span><\/p>\n<p class=\"tw-data-text tw-text-large XcVN5d tw-ta\" dir=\"ltr\"><span lang=\"en\" xml:lang=\"en\">This <strong>tapestry<\/strong> is a perfect representation of this painting. Made in a factory in northern France in collaboration with the rights holders of the painters, this tapestry closely respects the drawing and the original colors of the painting. We find the effect of painting and the &#8220;stroke&#8221; of the brush by the effects of armor and weft. This success was possible thanks, among other things, to the workers of the factory, elected best workers in France.<\/span><\/p>\n","protected":false},"excerpt":{"rendered":"<p>Very nice reproduction of the painting &#8220;Le R\u00eave&#8221; by Picasso. Painted in 1932, this canvas represents the portrait of Marie-Th\u00e9r\u00e8se, Picasso&#8217;s new companion, after his separation from his wife Olga. All in curves and curves, Marie-Th\u00e9r\u00e8se unfolds under soft and feminine lines. As the name of the painting suggests, she is dreaming. Head tilted, she [&hellip;]<\/p>\n","protected":false},"featured_media":2658,"comment_status":"open","ping_status":"closed","template":"","meta":{"_acf_changed":false},"product_cat":[129,87,91,103,99,55],"product_tag":[],"class_list":{"0":"post-2662","1":"product","2":"type-product","3":"status-publish","4":"has-post-thumbnail","6":"product_factory-tapisserie-jules-pansu","7":"product_cat-picasso-s-tapestries","8":"product_cat-xx-century-contemporary-tapissery","9":"product_cat-medium-vertical-tapestries","10":"product_cat-small-vertical-tapestries","11":"product_cat-point-jacquard-weave","12":"product_cat-tapestries","13":"pa_lieudefabrication-france-en","14":"pa_matiere-75coton_25polyester-en","15":"pa_taille-120x90cm-en","17":"first","18":"instock","19":"taxable","20":"shipping-taxable","21":"purchasable","22":"product-type-variable","23":"has-default-attributes"},"acf":[],"yoast_head":"<!-- This site is optimized with the Yoast SEO plugin v23.7 - https:\/\/yoast.com\/wordpress\/plugins\/seo\/ -->\n<title>The dream, Picasso&#039;s tapestry - Tapisseries de Flandres<\/title>\n<meta name=\"robots\" content=\"noindex, follow, max-snippet:-1, max-image-preview:large, max-video-preview:-1\" \/>\n<meta property=\"og:locale\" content=\"en_US\" \/>\n<meta property=\"og:type\" content=\"article\" \/>\n<meta property=\"og:title\" content=\"The dream, Picasso&#039;s tapestry - Tapisseries de Flandres\" \/>\n<meta property=\"og:description\" content=\"Very nice reproduction of the painting &#8220;Le R\u00eave&#8221; by Picasso. Painted in 1932, this canvas represents the portrait of Marie-Th\u00e9r\u00e8se, Picasso&#8217;s new companion, after his separation from his wife Olga. All in curves and curves, Marie-Th\u00e9r\u00e8se unfolds under soft and feminine lines. As the name of the painting suggests, she is dreaming. Head tilted, she [&hellip;]\" \/>\n<meta property=\"og:url\" content=\"https:\/\/tdf.cvmh.fr\/en\/le-reve-tapisserie-picasso-2\/\" \/>\n<meta property=\"og:site_name\" content=\"Tapisseries de Flandres\" \/>\n<meta property=\"article:modified_time\" content=\"2024-07-02T16:10:45+00:00\" \/>\n<meta property=\"og:image\" content=\"https:\/\/tdf.cvmh.fr\/wp-content\/uploads\/2019\/09\/3365-Le-reve-tapisserie-Picasso.jpg\" \/>\n\t<meta property=\"og:image:width\" content=\"1417\" \/>\n\t<meta property=\"og:image:height\" content=\"1822\" \/>\n\t<meta property=\"og:image:type\" content=\"image\/jpeg\" \/>\n<meta name=\"twitter:card\" content=\"summary_large_image\" \/>\n<meta name=\"twitter:label1\" content=\"Est. reading time\" \/>\n\t<meta name=\"twitter:data1\" content=\"1 minute\" \/>\n<script type=\"application\/ld+json\" class=\"yoast-schema-graph\">{\"@context\":\"https:\/\/schema.org\",\"@graph\":[{\"@type\":\"WebPage\",\"@id\":\"https:\/\/tdf.cvmh.fr\/en\/le-reve-tapisserie-picasso-2\/\",\"url\":\"https:\/\/tdf.cvmh.fr\/en\/le-reve-tapisserie-picasso-2\/\",\"name\":\"The dream, Picasso's tapestry - Tapisseries de Flandres\",\"isPartOf\":{\"@id\":\"https:\/\/tdf.cvmh.fr\/#website\"},\"primaryImageOfPage\":{\"@id\":\"https:\/\/tdf.cvmh.fr\/en\/le-reve-tapisserie-picasso-2\/#primaryimage\"},\"image\":{\"@id\":\"https:\/\/tdf.cvmh.fr\/en\/le-reve-tapisserie-picasso-2\/#primaryimage\"},\"thumbnailUrl\":\"https:\/\/tdf.cvmh.fr\/wp-content\/uploads\/2019\/09\/3365-Le-reve-tapisserie-Picasso.jpg\",\"datePublished\":\"2019-09-16T10:13:19+00:00\",\"dateModified\":\"2024-07-02T16:10:45+00:00\",\"breadcrumb\":{\"@id\":\"https:\/\/tdf.cvmh.fr\/en\/le-reve-tapisserie-picasso-2\/#breadcrumb\"},\"inLanguage\":\"en-US\",\"potentialAction\":[{\"@type\":\"ReadAction\",\"target\":[\"https:\/\/tdf.cvmh.fr\/en\/le-reve-tapisserie-picasso-2\/\"]}]},{\"@type\":\"ImageObject\",\"inLanguage\":\"en-US\",\"@id\":\"https:\/\/tdf.cvmh.fr\/en\/le-reve-tapisserie-picasso-2\/#primaryimage\",\"url\":\"https:\/\/tdf.cvmh.fr\/wp-content\/uploads\/2019\/09\/3365-Le-reve-tapisserie-Picasso.jpg\",\"contentUrl\":\"https:\/\/tdf.cvmh.fr\/wp-content\/uploads\/2019\/09\/3365-Le-reve-tapisserie-Picasso.jpg\",\"width\":1417,\"height\":1822,\"caption\":\"Le r\u00eave, tapisserie Picasso\"},{\"@type\":\"BreadcrumbList\",\"@id\":\"https:\/\/tdf.cvmh.fr\/en\/le-reve-tapisserie-picasso-2\/#breadcrumb\",\"itemListElement\":[{\"@type\":\"ListItem\",\"position\":1,\"name\":\"Accueil\",\"item\":\"https:\/\/tdf.cvmh.fr\/\"},{\"@type\":\"ListItem\",\"position\":2,\"name\":\"Shop\",\"item\":\"https:\/\/tdf.cvmh.fr\/boutique\/\"},{\"@type\":\"ListItem\",\"position\":3,\"name\":\"The dream, Picasso&#8217;s tapestry\"}]},{\"@type\":\"WebSite\",\"@id\":\"https:\/\/tdf.cvmh.fr\/#website\",\"url\":\"https:\/\/tdf.cvmh.fr\/\",\"name\":\"Tapisseries de Flandres\",\"description\":\"\",\"publisher\":{\"@id\":\"https:\/\/tdf.cvmh.fr\/#organization\"},\"potentialAction\":[{\"@type\":\"SearchAction\",\"target\":{\"@type\":\"EntryPoint\",\"urlTemplate\":\"https:\/\/tdf.cvmh.fr\/?s={search_term_string}\"},\"query-input\":{\"@type\":\"PropertyValueSpecification\",\"valueRequired\":true,\"valueName\":\"search_term_string\"}}],\"inLanguage\":\"en-US\"},{\"@type\":\"Organization\",\"@id\":\"https:\/\/tdf.cvmh.fr\/#organization\",\"name\":\"Tapisseries de Flandres\",\"url\":\"https:\/\/tdf.cvmh.fr\/\",\"logo\":{\"@type\":\"ImageObject\",\"inLanguage\":\"en-US\",\"@id\":\"https:\/\/tdf.cvmh.fr\/#\/schema\/logo\/image\/\",\"url\":\"https:\/\/tdf.cvmh.fr\/wp-content\/uploads\/2024\/07\/CPN_-Logo.png\",\"contentUrl\":\"https:\/\/tdf.cvmh.fr\/wp-content\/uploads\/2024\/07\/CPN_-Logo.png\",\"width\":514,\"height\":182,\"caption\":\"Tapisseries de Flandres\"},\"image\":{\"@id\":\"https:\/\/tdf.cvmh.fr\/#\/schema\/logo\/image\/\"}}]}<\/script>\n<!-- \/ Yoast SEO plugin. -->","yoast_head_json":{"title":"The dream, Picasso's tapestry - Tapisseries de Flandres","robots":{"index":"noindex","follow":"follow","max-snippet":"max-snippet:-1","max-image-preview":"max-image-preview:large","max-video-preview":"max-video-preview:-1"},"og_locale":"en_US","og_type":"article","og_title":"The dream, Picasso's tapestry - Tapisseries de Flandres","og_description":"Very nice reproduction of the painting &#8220;Le R\u00eave&#8221; by Picasso. Painted in 1932, this canvas represents the portrait of Marie-Th\u00e9r\u00e8se, Picasso&#8217;s new companion, after his separation from his wife Olga. All in curves and curves, Marie-Th\u00e9r\u00e8se unfolds under soft and feminine lines. As the name of the painting suggests, she is dreaming. Head tilted, she [&hellip;]","og_url":"https:\/\/tdf.cvmh.fr\/en\/le-reve-tapisserie-picasso-2\/","og_site_name":"Tapisseries de Flandres","article_modified_time":"2024-07-02T16:10:45+00:00","og_image":[{"width":1417,"height":1822,"url":"https:\/\/tdf.cvmh.fr\/wp-content\/uploads\/2019\/09\/3365-Le-reve-tapisserie-Picasso.jpg","type":"image\/jpeg"}],"twitter_card":"summary_large_image","twitter_misc":{"Est. reading time":"1 minute"},"schema":{"@context":"https:\/\/schema.org","@graph":[{"@type":"WebPage","@id":"https:\/\/tdf.cvmh.fr\/en\/le-reve-tapisserie-picasso-2\/","url":"https:\/\/tdf.cvmh.fr\/en\/le-reve-tapisserie-picasso-2\/","name":"The dream, Picasso's tapestry - Tapisseries de Flandres","isPartOf":{"@id":"https:\/\/tdf.cvmh.fr\/#website"},"primaryImageOfPage":{"@id":"https:\/\/tdf.cvmh.fr\/en\/le-reve-tapisserie-picasso-2\/#primaryimage"},"image":{"@id":"https:\/\/tdf.cvmh.fr\/en\/le-reve-tapisserie-picasso-2\/#primaryimage"},"thumbnailUrl":"https:\/\/tdf.cvmh.fr\/wp-content\/uploads\/2019\/09\/3365-Le-reve-tapisserie-Picasso.jpg","datePublished":"2019-09-16T10:13:19+00:00","dateModified":"2024-07-02T16:10:45+00:00","breadcrumb":{"@id":"https:\/\/tdf.cvmh.fr\/en\/le-reve-tapisserie-picasso-2\/#breadcrumb"},"inLanguage":"en-US","potentialAction":[{"@type":"ReadAction","target":["https:\/\/tdf.cvmh.fr\/en\/le-reve-tapisserie-picasso-2\/"]}]},{"@type":"ImageObject","inLanguage":"en-US","@id":"https:\/\/tdf.cvmh.fr\/en\/le-reve-tapisserie-picasso-2\/#primaryimage","url":"https:\/\/tdf.cvmh.fr\/wp-content\/uploads\/2019\/09\/3365-Le-reve-tapisserie-Picasso.jpg","contentUrl":"https:\/\/tdf.cvmh.fr\/wp-content\/uploads\/2019\/09\/3365-Le-reve-tapisserie-Picasso.jpg","width":1417,"height":1822,"caption":"Le r\u00eave, tapisserie Picasso"},{"@type":"BreadcrumbList","@id":"https:\/\/tdf.cvmh.fr\/en\/le-reve-tapisserie-picasso-2\/#breadcrumb","itemListElement":[{"@type":"ListItem","position":1,"name":"Accueil","item":"https:\/\/tdf.cvmh.fr\/"},{"@type":"ListItem","position":2,"name":"Shop","item":"https:\/\/tdf.cvmh.fr\/boutique\/"},{"@type":"ListItem","position":3,"name":"The dream, Picasso&#8217;s tapestry"}]},{"@type":"WebSite","@id":"https:\/\/tdf.cvmh.fr\/#website","url":"https:\/\/tdf.cvmh.fr\/","name":"Tapisseries de Flandres","description":"","publisher":{"@id":"https:\/\/tdf.cvmh.fr\/#organization"},"potentialAction":[{"@type":"SearchAction","target":{"@type":"EntryPoint","urlTemplate":"https:\/\/tdf.cvmh.fr\/?s={search_term_string}"},"query-input":{"@type":"PropertyValueSpecification","valueRequired":true,"valueName":"search_term_string"}}],"inLanguage":"en-US"},{"@type":"Organization","@id":"https:\/\/tdf.cvmh.fr\/#organization","name":"Tapisseries de Flandres","url":"https:\/\/tdf.cvmh.fr\/","logo":{"@type":"ImageObject","inLanguage":"en-US","@id":"https:\/\/tdf.cvmh.fr\/#\/schema\/logo\/image\/","url":"https:\/\/tdf.cvmh.fr\/wp-content\/uploads\/2024\/07\/CPN_-Logo.png","contentUrl":"https:\/\/tdf.cvmh.fr\/wp-content\/uploads\/2024\/07\/CPN_-Logo.png","width":514,"height":182,"caption":"Tapisseries de Flandres"},"image":{"@id":"https:\/\/tdf.cvmh.fr\/#\/schema\/logo\/image\/"}}]}},"_links":{"self":[{"href":"https:\/\/tdf.cvmh.fr\/en\/wp-json\/wp\/v2\/product\/2662","targetHints":{"allow":["GET"]}}],"collection":[{"href":"https:\/\/tdf.cvmh.fr\/en\/wp-json\/wp\/v2\/product"}],"about":[{"href":"https:\/\/tdf.cvmh.fr\/en\/wp-json\/wp\/v2\/types\/product"}],"replies":[{"embeddable":true,"href":"https:\/\/tdf.cvmh.fr\/en\/wp-json\/wp\/v2\/comments?post=2662"}],"wp:featuredmedia":[{"embeddable":true,"href":"https:\/\/tdf.cvmh.fr\/en\/wp-json\/wp\/v2\/media\/2658"}],"wp:attachment":[{"href":"https:\/\/tdf.cvmh.fr\/en\/wp-json\/wp\/v2\/media?parent=2662"}],"wp:term":[{"taxonomy":"product_cat","embeddable":true,"href":"https:\/\/tdf.cvmh.fr\/en\/wp-json\/wp\/v2\/product_cat?post=2662"},{"taxonomy":"product_tag","embeddable":true,"href":"https:\/\/tdf.cvmh.fr\/en\/wp-json\/wp\/v2\/product_tag?post=2662"}],"curies":[{"name":"wp","href":"https:\/\/api.w.org\/{rel}","templated":true}]}}